{"id":11808,"date":"2021-11-03T17:14:00","date_gmt":"2021-11-03T17:14:00","guid":{"rendered":"https:\/\/www.masmetrology.com\/accesorios\/?page_id=11808"},"modified":"2023-02-13T15:33:22","modified_gmt":"2023-02-13T15:33:22","slug":"zeiss-reach-cfx","status":"publish","type":"page","link":"https:\/\/www.masmetrology.com\/accesorios\/zeiss-reach-cfx\/","title":{"rendered":"ZEISS Reach CFX"},"content":{"rendered":"<p>[et_pb_section fb_built=&#8221;1&#8243; fullwidth=&#8221;on&#8221; _builder_version=&#8221;4.16&#8243; _module_preset=&#8221;default&#8221; global_colors_info=&#8221;{}&#8221;][et_pb_fullwidth_slider _builder_version=&#8221;4.19.5&#8243; _module_preset=&#8221;default&#8221; header_level=&#8221;h1&#8243; header_font=&#8221;Montserrat|600|||||||&#8221; header_font_size=&#8221;50px&#8221; body_font=&#8221;Montserrat|600|||||||&#8221; body_text_color=&#8221;#ffffff&#8221; body_font_size=&#8221;20px&#8221; background_image=&#8221;https:\/\/www.masmetrology.com\/wp-content\/uploads\/2020\/08\/SLIDER_novedades-scaled.jpg&#8221; custom_button=&#8221;on&#8221; button_text_size=&#8221;18px&#8221; button_text_color=&#8221;#ffffff&#8221; button_border_width=&#8221;4px&#8221; button_border_color=&#8221;#ffffff&#8221; button_border_radius=&#8221;100px&#8221; button_font=&#8221;Montserrat|||on|||||&#8221; button_icon_color=&#8221;#ffffff&#8221; auto=&#8221;on&#8221; auto_speed=&#8221;3500&#8243; auto_ignore_hover=&#8221;on&#8221; hover_enabled=&#8221;0&#8243; body_text_shadow_style=&#8221;preset1&#8243; global_colors_info=&#8221;{}&#8221; sticky_enabled=&#8221;0&#8243;][et_pb_slide heading=&#8221; ZEISS REACH CFX&#8221; heading_tablet=&#8221;ZEISS Styli para m\u00e1quinas de medi\u00e7\u00e3o por coordenadas &#8221; heading_phone=&#8221;ZEISS Styli para m\u00e1quinas de medi\u00e7\u00e3o por coordenadas &#8221; heading_last_edited=&#8221;on|desktop&#8221; _builder_version=&#8221;4.16&#8243; _module_preset=&#8221;default&#8221; background_enable_color=&#8221;off&#8221; background_image=&#8221;https:\/\/www.masmetrology.com\/accesorios\/wp-content\/uploads\/2021\/11\/zeiss-reach-cfx-3.ts-1581434918128.jpg&#8221; background_enable_image=&#8221;on&#8221; global_colors_info=&#8221;{}&#8221; sticky_transition=&#8221;on&#8221;]<\/p>\n<p>Um peda\u00e7o pequeno. Um grande impacto na precis\u00e3o.<\/p>\n<p>[\/et_pb_slide][\/et_pb_fullwidth_slider][\/et_pb_section][et_pb_section fb_built=&#8221;1&#8243; _builder_version=&#8221;4.16&#8243; _module_preset=&#8221;default&#8221; global_colors_info=&#8221;{}&#8221;][et_pb_row column_structure=&#8221;1_3,2_3&#8243; _builder_version=&#8221;4.16&#8243; _module_preset=&#8221;default&#8221; global_colors_info=&#8221;{}&#8221;][et_pb_column type=&#8221;1_3&#8243; _builder_version=&#8221;4.16&#8243; _module_preset=&#8221;default&#8221; global_colors_info=&#8221;{}&#8221;][et_pb_image src=&#8221;https:\/\/www.masmetrology.com\/accesorios\/wp-content\/uploads\/2021\/11\/ZEISS-REACH-1.jpg&#8221; title_text=&#8221;ZEISS-REACH&#8221; show_in_lightbox=&#8221;on&#8221; _builder_version=&#8221;4.16&#8243; _module_preset=&#8221;default&#8221; global_colors_info=&#8221;{}&#8221;][\/et_pb_image][\/et_pb_column][et_pb_column type=&#8221;2_3&#8243; _builder_version=&#8221;4.16&#8243; _module_preset=&#8221;default&#8221; global_colors_info=&#8221;{}&#8221;][et_pb_text _builder_version=&#8221;4.16&#8243; _module_preset=&#8221;default&#8221; text_font=&#8221;Montserrat||||||||&#8221; text_font_size=&#8221;15px&#8221; text_line_height=&#8221;1.8em&#8221; global_colors_info=&#8221;{}&#8221;]<\/p>\n<p>ZEISS REACH CFX \u00e9 um portf\u00f3lio de extens\u00f5es em fibra de carbono projetadas especialmente para atender aos diversos n\u00edveis de precis\u00e3o exigidos pelas diferentes MMCs &#8211; para manter a precis\u00e3o sempre no mais alto n\u00edvel poss\u00edvel.<\/p>\n<p><strong>Como voc\u00ea se beneficia:<\/strong><\/p>\n<ul>\n<li>Resultados confi\u00e1veis<\/li>\n<li>Maior produtividade<\/li>\n<li>Adequadas para todos os ambientes de medi\u00e7\u00e3o<\/li>\n<li>3 n\u00edveis de desempenho para requisitos vari\u00e1veis<\/li>\n<\/ul>\n<p>[\/et_pb_text][\/et_pb_column][\/et_pb_row][et_pb_row _builder_version=&#8221;4.16&#8243; _module_preset=&#8221;default&#8221; global_colors_info=&#8221;{}&#8221;][et_pb_column type=&#8221;4_4&#8243; _builder_version=&#8221;4.16&#8243; _module_preset=&#8221;default&#8221; global_colors_info=&#8221;{}&#8221;][et_pb_text _builder_version=&#8221;4.16&#8243; _module_preset=&#8221;default&#8221; text_font=&#8221;Montserrat||||||||&#8221; text_font_size=&#8221;15px&#8221; text_line_height=&#8221;1.8em&#8221; header_4_font=&#8221;Montserrat|600|||||||&#8221; header_4_font_size=&#8221;25px&#8221; global_colors_info=&#8221;{}&#8221;]<\/p>\n<h4>ZEISS REACH CFX Portfolio<\/h4>\n<p>Tr\u00eas n\u00edveis de precis\u00e3o que combinam com sua<\/p>\n<p>[\/et_pb_text][et_pb_image src=&#8221;https:\/\/www.masmetrology.com\/accesorios\/wp-content\/uploads\/2021\/11\/zeiss-reach-cfx-portfolio.ts-1581431226930.webp&#8221; title_text=&#8221;zeiss-reach-cfx-portfolio.ts-1581431226930&#8243; show_in_lightbox=&#8221;on&#8221; _builder_version=&#8221;4.16&#8243; _module_preset=&#8221;default&#8221; global_colors_info=&#8221;{}&#8221;][\/et_pb_image][\/et_pb_column][\/et_pb_row][et_pb_row column_structure=&#8221;1_3,2_3&#8243; _builder_version=&#8221;4.16&#8243; _module_preset=&#8221;default&#8221; global_colors_info=&#8221;{}&#8221;][et_pb_column type=&#8221;1_3&#8243; _builder_version=&#8221;4.16&#8243; _module_preset=&#8221;default&#8221; global_colors_info=&#8221;{}&#8221;][et_pb_text _builder_version=&#8221;4.16&#8243; _module_preset=&#8221;default&#8221; text_font=&#8221;Montserrat||||||||&#8221; text_font_size=&#8221;15px&#8221; text_line_height=&#8221;1.8em&#8221; header_4_font=&#8221;Montserrat|600|||||||&#8221; header_4_font_size=&#8221;25px&#8221; header_4_line_height=&#8221;1.8em&#8221; custom_margin=&#8221;50px||||false|false&#8221; global_colors_info=&#8221;{}&#8221;]<\/p>\n<h4>N\u00e3o permita que a extens\u00e3o comprometa o desempenho de sua MCC!roubem seu MMC!<\/h4>\n<p>[\/et_pb_text][et_pb_button button_url=&#8221;https:\/\/www.masmetrology.com\/accesorios\/wp-content\/uploads\/2021\/11\/ZEISS_REACH_CFX_Flyer_EN.pdf&#8221; url_new_window=&#8221;on&#8221; button_text=&#8221;Baixar&#8221; button_alignment=&#8221;left&#8221; _builder_version=&#8221;4.16&#8243; _module_preset=&#8221;default&#8221; custom_button=&#8221;on&#8221; button_text_size=&#8221;16px&#8221; button_text_color=&#8221;#747d88&#8243; button_border_width=&#8221;4px&#8221; button_border_color=&#8221;#747d88&#8243; button_border_radius=&#8221;100px&#8221; button_letter_spacing=&#8221;2px&#8221; button_font=&#8221;Montserrat|700|||||||&#8221; button_icon=&#8221;&#xe092;||divi||400&#8243; button_icon_color=&#8221;#747d88&#8243; transform_scale=&#8221;104%|104%&#8221; custom_margin=&#8221;||50px||false|false&#8221; custom_padding=&#8221;||0px||false|false&#8221; animation_style=&#8221;fade&#8221; locked=&#8221;off&#8221; global_colors_info=&#8221;{}&#8221;][\/et_pb_button][\/et_pb_column][et_pb_column type=&#8221;2_3&#8243; _builder_version=&#8221;4.16&#8243; _module_preset=&#8221;default&#8221; global_colors_info=&#8221;{}&#8221;][et_pb_image src=&#8221;https:\/\/www.masmetrology.com\/accesorios\/wp-content\/uploads\/2021\/11\/prismo-ultra.jpg&#8221; title_text=&#8221;prismo-ultra&#8221; show_in_lightbox=&#8221;on&#8221; _builder_version=&#8221;4.16&#8243; _module_preset=&#8221;default&#8221; global_colors_info=&#8221;{}&#8221;][\/et_pb_image][\/et_pb_column][\/et_pb_row][\/et_pb_section][et_pb_section fb_built=&#8221;1&#8243; _builder_version=&#8221;4.16&#8243; _module_preset=&#8221;default&#8221; background_color=&#8221;#eaeaea&#8221; global_colors_info=&#8221;{}&#8221;][et_pb_row _builder_version=&#8221;4.16&#8243; _module_preset=&#8221;default&#8221; global_colors_info=&#8221;{}&#8221;][et_pb_column type=&#8221;4_4&#8243; _builder_version=&#8221;4.16&#8243; _module_preset=&#8221;default&#8221; global_colors_info=&#8221;{}&#8221;][et_pb_text _builder_version=&#8221;4.16&#8243; _module_preset=&#8221;default&#8221; text_font=&#8221;Montserrat||||||||&#8221; text_font_size=&#8221;15px&#8221; text_line_height=&#8221;1.8em&#8221; header_4_font=&#8221;Montserrat|600|||||||&#8221; header_4_font_size=&#8221;25px&#8221; header_4_line_height=&#8221;1.8em&#8221; custom_margin=&#8221;||||false|false&#8221; global_colors_info=&#8221;{}&#8221;]<\/p>\n<h4>Extens\u00f5es de apalpadores em fibra de carbono<\/h4>\n<p>ZEISS REACH CFX.<\/p>\n<p><strong>Chega de reduzir a precis\u00e3o de sua m\u00e1quina<\/strong><br \/>Para distinguir as pe\u00e7as boas das rejeitadas, resultados de medi\u00e7\u00e3o confi\u00e1veis s\u00e3o uma necessidade. Isso somente \u00e9 poss\u00edvel, minimizando a incerteza de medi\u00e7\u00e3o. O uso de extens\u00f5es inadequadas tem uma influ\u00eancia negativa direta na incerteza de medi\u00e7\u00e3o global e, por isso, reduz a precis\u00e3o que sua MMC poderia alcan\u00e7ar. A influ\u00eancia global da extens\u00e3o na incerteza de medi\u00e7\u00e3o depende, essencialmente, de tr\u00eas fatores: peso, expans\u00e3o t\u00e9rmica e rigidez est\u00e1tica<\/p>\n<p>[\/et_pb_text][\/et_pb_column][\/et_pb_row][et_pb_row column_structure=&#8221;1_3,1_3,1_3&#8243; _builder_version=&#8221;4.16&#8243; _module_preset=&#8221;default&#8221; global_colors_info=&#8221;{}&#8221;][et_pb_column type=&#8221;1_3&#8243; _builder_version=&#8221;4.16&#8243; _module_preset=&#8221;default&#8221; global_colors_info=&#8221;{}&#8221;][et_pb_text _builder_version=&#8221;4.16&#8243; _module_preset=&#8221;default&#8221; text_font=&#8221;Montserrat||||||||&#8221; text_font_size=&#8221;15px&#8221; text_line_height=&#8221;1.8em&#8221; header_font_size=&#8221;22px&#8221; header_4_font=&#8221;Montserrat|600|||||||&#8221; header_4_font_size=&#8221;25px&#8221; header_4_line_height=&#8221;1.8em&#8221; custom_margin=&#8221;||||false|false&#8221; global_colors_info=&#8221;{}&#8221;]<\/p>\n<h4>Baixo peso<\/h4>\n<p>ZEISS REACH CFX sio feitas em fibra de carbono &#8211; um material conhecido por ser extremamente leve. Isso permite a montagem de sistemas de apalpadores mais complexos, mesmo com sondas sujeitas a limites de peso mais rigorosos, reduzindo assim o nuimero de trocas de sistemas de apalpadores.<\/p>\n<p>[\/et_pb_text][\/et_pb_column][et_pb_column type=&#8221;1_3&#8243; _builder_version=&#8221;4.16&#8243; _module_preset=&#8221;default&#8221; global_colors_info=&#8221;{}&#8221;][et_pb_text _builder_version=&#8221;4.16&#8243; _module_preset=&#8221;default&#8221; text_font=&#8221;Montserrat||||||||&#8221; text_font_size=&#8221;15px&#8221; text_line_height=&#8221;1.8em&#8221; header_font_size=&#8221;22px&#8221; header_4_font=&#8221;Montserrat|600|||||||&#8221; header_4_font_size=&#8221;25px&#8221; header_4_line_height=&#8221;1.8em&#8221; custom_margin=&#8221;||||false|false&#8221; global_colors_info=&#8221;{}&#8221;]<\/p>\n<h4>Estabilidade<\/h4>\n<p> a sua estabilidade t\u00e9rmica, as extensdes ZEISS REACH CFX mant\u00e9m seu comprimento constante er caso de variacao t\u00e9rmica. Seja no laborat\u00e9rio de medicao ou na area de produgdo \u2014 t\u00e9m maior estabilidade t\u00e9rmica do que asextensdes em aluminio ou titanio, podendo por isso ser usadas em varios ambientes. [\/et_pb_text][\/et_pb_column][et_pb_column type=&#8221;1_3&#8243; _builder_version=&#8221;4.16&#8243; _module_preset=&#8221;default&#8221; global_colors_info=&#8221;{}&#8221;][et_pb_text _builder_version=&#8221;4.16&#8243; _module_preset=&#8221;default&#8221; text_font=&#8221;Montserrat||||||||&#8221; text_font_size=&#8221;15px&#8221; text_line_height=&#8221;1.8em&#8221; header_font_size=&#8221;22px&#8221; header_4_font=&#8221;Montserrat|600|||||||&#8221; header_4_font_size=&#8221;25px&#8221; header_4_line_height=&#8221;1.8em&#8221; custom_margin=&#8221;||||false|false&#8221; global_colors_info=&#8221;{}&#8221;]<\/p>\n<h4>Rigidez est\u00e1tica<\/h4>\n<p>Todas as extensdes no portfolio tem umaelevada rigidez estatica, praticamente sem deflexdo, comparativamente as extensdes de titanio ou aluminio &#8211; mesmo a velocidade de escaneamento de at\u00e9 12 mm\/s. Isso permite um escaneamento mais rapido de sua peca de trabalho e, por conseguinte, uma maior produtividade.[\/et_pb_text][\/et_pb_column][\/et_pb_row][\/et_pb_section][et_pb_section fb_built=&#8221;1&#8243; _builder_version=&#8221;4.16&#8243; _module_preset=&#8221;default&#8221; global_colors_info=&#8221;{}&#8221;][et_pb_row _builder_version=&#8221;4.16&#8243; _module_preset=&#8221;default&#8221; global_colors_info=&#8221;{}&#8221;][et_pb_column type=&#8221;4_4&#8243; _builder_version=&#8221;4.16&#8243; _module_preset=&#8221;default&#8221; global_colors_info=&#8221;{}&#8221;][et_pb_text _builder_version=&#8221;4.16&#8243; _module_preset=&#8221;default&#8221; text_font=&#8221;Montserrat||||||||&#8221; text_font_size=&#8221;15px&#8221; text_line_height=&#8221;1.8em&#8221; header_4_font=&#8221;Montserrat|600|||||||&#8221; header_4_font_size=&#8221;22px&#8221; header_4_line_height=&#8221;1.8em&#8221; custom_margin=&#8221;||||false|false&#8221; global_colors_info=&#8221;{}&#8221;]<\/p>\n<h4>Comparativo t\u00e9cnico<\/h4>\n<p>[\/et_pb_text][et_pb_image src=&#8221;https:\/\/www.masmetrology.com\/accesorios\/wp-content\/uploads\/2021\/11\/Imagen1.jpg&#8221; title_text=&#8221;Imagen1&#8243; show_in_lightbox=&#8221;on&#8221; _builder_version=&#8221;4.16&#8243; _module_preset=&#8221;default&#8221; global_colors_info=&#8221;{}&#8221;][\/et_pb_image][\/et_pb_column][\/et_pb_row][\/et_pb_section]<\/p>\n","protected":false},"excerpt":{"rendered":"<p>Um peda\u00e7o pequeno. Um grande impacto na precis\u00e3o.ZEISS REACH CFX \u00e9 um portf\u00f3lio de extens\u00f5es em fibra de carbono projetadas especialmente para atender aos diversos n\u00edveis de precis\u00e3o exigidos pelas diferentes MMCs &#8211; para manter a precis\u00e3o sempre no mais alto n\u00edvel poss\u00edvel. Como voc\u00ea se beneficia: Resultados confi\u00e1veis Maior produtividade Adequadas para todos os [&hellip;]<\/p>\n","protected":false},"author":1,"featured_media":0,"parent":0,"menu_order":0,"comment_status":"closed","ping_status":"closed","template":"","meta":{"_et_pb_use_builder":"on","_et_pb_old_content":"","_et_gb_content_width":"","footnotes":""},"class_list":["post-11808","page","type-page","status-publish","hentry"],"_links":{"self":[{"href":"https:\/\/www.masmetrology.com\/accesorios\/wp-json\/wp\/v2\/pages\/11808","targetHints":{"allow":["GET"]}}],"collection":[{"href":"https:\/\/www.masmetrology.com\/accesorios\/wp-json\/wp\/v2\/pages"}],"about":[{"href":"https:\/\/www.masmetrology.com\/accesorios\/wp-json\/wp\/v2\/types\/page"}],"author":[{"embeddable":true,"href":"https:\/\/www.masmetrology.com\/accesorios\/wp-json\/wp\/v2\/users\/1"}],"replies":[{"embeddable":true,"href":"https:\/\/www.masmetrology.com\/accesorios\/wp-json\/wp\/v2\/comments?post=11808"}],"version-history":[{"count":31,"href":"https:\/\/www.masmetrology.com\/accesorios\/wp-json\/wp\/v2\/pages\/11808\/revisions"}],"predecessor-version":[{"id":13235,"href":"https:\/\/www.masmetrology.com\/accesorios\/wp-json\/wp\/v2\/pages\/11808\/revisions\/13235"}],"wp:attachment":[{"href":"https:\/\/www.masmetrology.com\/accesorios\/wp-json\/wp\/v2\/media?parent=11808"}],"curies":[{"name":"wp","href":"https:\/\/api.w.org\/{rel}","templated":true}]}}